{"id":5379,"date":"2022-03-15T17:49:46","date_gmt":"2022-03-15T16:49:46","guid":{"rendered":"https:\/\/solution-machine-soft.fr\/?page_id=5379"},"modified":"2026-03-27T11:33:35","modified_gmt":"2026-03-27T10:33:35","slug":"marposs","status":"publish","type":"page","link":"https:\/\/solution-machine-soft.fr\/index.php\/marposs\/","title":{"rendered":"MARPOSS"},"content":{"rendered":"\t\t<div data-elementor-type=\"wp-page\" data-elementor-id=\"5379\" class=\"elementor elementor-5379\" data-elementor-post-type=\"page\">\n\t\t\t\t\t\t<section class=\"elementor-section elementor-top-section elementor-element elementor-element-5c68d03 elementor-section-boxed elementor-section-height-default elementor-section-height-default\" data-id=\"5c68d03\" data-element_type=\"section\" data-e-type=\"section\">\n\t\t\t\t\t\t<div class=\"elementor-container elementor-column-gap-default\">\n\t\t\t\t\t<div class=\"elementor-column elementor-col-100 elementor-top-column elementor-element elementor-element-9250d3c\" data-id=\"9250d3c\" data-element_type=\"column\" data-e-type=\"column\">\n\t\t\t<div class=\"elementor-widget-wrap elementor-element-populated\">\n\t\t\t\t\t\t<div class=\"elementor-element elementor-element-29ba3fc elementor-widget elementor-widget-image\" data-id=\"29ba3fc\" data-element_type=\"widget\" data-e-type=\"widget\" data-widget_type=\"image.default\">\n\t\t\t\t<div class=\"elementor-widget-container\">\n\t\t\t\t\t\t\t\t\t\t\t\t\t\t\t<img fetchpriority=\"high\" decoding=\"async\" width=\"768\" height=\"229\" src=\"https:\/\/solution-machine-soft.fr\/wp-content\/uploads\/2022\/03\/Marposs-logo-solution-machine-soft-768x229.jpg\" class=\"attachment-medium_large size-medium_large wp-image-5483\" alt=\"\" srcset=\"https:\/\/solution-machine-soft.fr\/wp-content\/uploads\/2022\/03\/Marposs-logo-solution-machine-soft-768x229.jpg 768w, https:\/\/solution-machine-soft.fr\/wp-content\/uploads\/2022\/03\/Marposs-logo-solution-machine-soft-300x90.jpg 300w, https:\/\/solution-machine-soft.fr\/wp-content\/uploads\/2022\/03\/Marposs-logo-solution-machine-soft.jpg 800w\" sizes=\"(max-width: 768px) 100vw, 768px\" \/>\t\t\t\t\t\t\t\t\t\t\t\t\t\t\t<\/div>\n\t\t\t\t<\/div>\n\t\t\t\t<div class=\"elementor-element elementor-element-9641525 elementor-widget elementor-widget-spacer\" data-id=\"9641525\" data-element_type=\"widget\" data-e-type=\"widget\" data-widget_type=\"spacer.default\">\n\t\t\t\t<div class=\"elementor-widget-container\">\n\t\t\t\t\t\t\t<div class=\"elementor-spacer\">\n\t\t\t<div class=\"elementor-spacer-inner\"><\/div>\n\t\t<\/div>\n\t\t\t\t\t\t<\/div>\n\t\t\t\t<\/div>\n\t\t\t\t<div class=\"elementor-element elementor-element-607d33b elementor-widget elementor-widget-heading\" data-id=\"607d33b\" data-element_type=\"widget\" data-e-type=\"widget\" data-widget_type=\"heading.default\">\n\t\t\t\t<div class=\"elementor-widget-container\">\n\t\t\t\t\t<h2 class=\"elementor-heading-title elementor-size-default\">Marposs<\/h2>\t\t\t\t<\/div>\n\t\t\t\t<\/div>\n\t\t\t\t\t<\/div>\n\t\t<\/div>\n\t\t\t\t\t<\/div>\n\t\t<\/section>\n\t\t\t\t<section class=\"elementor-section elementor-top-section elementor-element elementor-element-7c86358 elementor-section-boxed elementor-section-height-default elementor-section-height-default\" data-id=\"7c86358\" data-element_type=\"section\" data-e-type=\"section\">\n\t\t\t\t\t\t<div class=\"elementor-container elementor-column-gap-default\">\n\t\t\t\t\t<div class=\"elementor-column elementor-col-100 elementor-top-column elementor-element elementor-element-e321d28\" data-id=\"e321d28\" data-element_type=\"column\" data-e-type=\"column\">\n\t\t\t<div class=\"elementor-widget-wrap elementor-element-populated\">\n\t\t\t\t\t\t<div class=\"elementor-element elementor-element-c6f106b elementor-widget elementor-widget-text-editor\" data-id=\"c6f106b\" data-element_type=\"widget\" data-e-type=\"widget\" data-widget_type=\"text-editor.default\">\n\t\t\t\t<div class=\"elementor-widget-container\">\n\t\t\t\t\t\t\t\t\t<p><strong>Marposs, leader mondial en solutions de mesure, inspection et tests.<\/strong><\/p>\n<p>La soci\u00e9t\u00e9 con\u00e7oit et r\u00e9alise une gamme \u00e9tendue du produits et solutions s\u2019\u00e9tendant de la mesure de pr\u00e9cision de composants m\u00e9caniques avant, pendant et apr\u00e8s le fabrication, aux contr\u00f4les de proc\u00e9d\u00e9s et de conditions de machine-outil, de la recherche de fuites pour tous les secteurs industriels, \u00e0 l\u2019assemblage automatique et aux lignes de contr\u00f4le. Marposs est un fournisseur de premier plan des constructeurs automobiles, pour les applications de moteurs \u00e0 combustion interne et les v\u00e9hicules \u00e9lectriques, ainsi que pour les secteurs de l\u2019a\u00e9rospatiale, du biom\u00e9dical, de l\u2019\u00e9nergie, des produits \u00e9lectroniques grand public et des r\u00e9cipients en verre.<\/p>\t\t\t\t\t\t\t\t<\/div>\n\t\t\t\t<\/div>\n\t\t\t\t\t<\/div>\n\t\t<\/div>\n\t\t\t\t\t<\/div>\n\t\t<\/section>\n\t\t\t\t<section class=\"elementor-section elementor-top-section elementor-element elementor-element-b662f11 elementor-section-boxed elementor-section-height-default elementor-section-height-default\" data-id=\"b662f11\" data-element_type=\"section\" data-e-type=\"section\">\n\t\t\t\t\t\t<div class=\"elementor-container elementor-column-gap-default\">\n\t\t\t\t\t<div class=\"elementor-column elementor-col-100 elementor-top-column elementor-element elementor-element-d5330d2\" data-id=\"d5330d2\" data-element_type=\"column\" data-e-type=\"column\">\n\t\t\t<div class=\"elementor-widget-wrap elementor-element-populated\">\n\t\t\t\t\t\t<div class=\"elementor-element elementor-element-57b31c6 elementor-widget elementor-widget-video\" data-id=\"57b31c6\" data-element_type=\"widget\" data-e-type=\"widget\" data-settings=\"{&quot;youtube_url&quot;:&quot;https:\\\/\\\/www.youtube.com\\\/watch?v=htG8yHovSUM&quot;,&quot;video_type&quot;:&quot;youtube&quot;,&quot;controls&quot;:&quot;yes&quot;}\" data-widget_type=\"video.default\">\n\t\t\t\t<div class=\"elementor-widget-container\">\n\t\t\t\t\t\t\t<div class=\"elementor-wrapper elementor-open-inline\">\n\t\t\t<div class=\"elementor-video\"><\/div>\t\t<\/div>\n\t\t\t\t\t\t<\/div>\n\t\t\t\t<\/div>\n\t\t\t\t\t<\/div>\n\t\t<\/div>\n\t\t\t\t\t<\/div>\n\t\t<\/section>\n\t\t\t\t<section class=\"elementor-section elementor-top-section elementor-element elementor-element-837e40b elementor-section-boxed elementor-section-height-default elementor-section-height-default\" data-id=\"837e40b\" data-element_type=\"section\" data-e-type=\"section\">\n\t\t\t\t\t\t<div class=\"elementor-container elementor-column-gap-default\">\n\t\t\t\t\t<div class=\"elementor-column elementor-col-100 elementor-top-column elementor-element elementor-element-5b1a1f3\" data-id=\"5b1a1f3\" data-element_type=\"column\" data-e-type=\"column\">\n\t\t\t<div class=\"elementor-widget-wrap elementor-element-populated\">\n\t\t\t\t\t\t<div class=\"elementor-element elementor-element-fb59dc4 elementor-widget elementor-widget-text-editor\" data-id=\"fb59dc4\" data-element_type=\"widget\" data-e-type=\"widget\" data-widget_type=\"text-editor.default\">\n\t\t\t\t<div class=\"elementor-widget-container\">\n\t\t\t\t\t\t\t\t\t<h2>APPLICATIONS POUR MACHINES-OUTILS :<\/h2>\n<p>Du palpage et de la mesure in-process \u00e0 la surveillance d&rsquo;outils et de processus, Marposs propose des applications pour la gamme la plus \u00e9tendue de machines-outils, comprenant les rectifieuses, machines \u00e0 enl\u00e8vement de mati\u00e8re, machines \u00e0 estamper et presses et bien d&rsquo;autres encore.<\/p>\t\t\t\t\t\t\t\t<\/div>\n\t\t\t\t<\/div>\n\t\t\t\t\t<\/div>\n\t\t<\/div>\n\t\t\t\t\t<\/div>\n\t\t<\/section>\n\t\t\t\t<section class=\"elementor-section elementor-top-section elementor-element elementor-element-f5b3a68 elementor-section-boxed elementor-section-height-default elementor-section-height-default\" data-id=\"f5b3a68\" data-element_type=\"section\" data-e-type=\"section\">\n\t\t\t\t\t\t<div class=\"elementor-container elementor-column-gap-default\">\n\t\t\t\t\t<div class=\"elementor-column elementor-col-100 elementor-top-column elementor-element elementor-element-6ccaf7f\" data-id=\"6ccaf7f\" data-element_type=\"column\" data-e-type=\"column\">\n\t\t\t<div class=\"elementor-widget-wrap elementor-element-populated\">\n\t\t\t\t\t\t<div class=\"elementor-element elementor-element-3e4ae34 elementor-widget elementor-widget-image\" data-id=\"3e4ae34\" data-element_type=\"widget\" data-e-type=\"widget\" data-widget_type=\"image.default\">\n\t\t\t\t<div class=\"elementor-widget-container\">\n\t\t\t\t\t\t\t\t\t\t\t\t\t\t\t<img decoding=\"async\" width=\"1024\" height=\"514\" src=\"https:\/\/solution-machine-soft.fr\/wp-content\/uploads\/2022\/03\/marposs-solutions-de-mesure-inspection-1024x514.jpg\" class=\"attachment-large size-large wp-image-5491\" alt=\"\" srcset=\"https:\/\/solution-machine-soft.fr\/wp-content\/uploads\/2022\/03\/marposs-solutions-de-mesure-inspection-1024x514.jpg 1024w, https:\/\/solution-machine-soft.fr\/wp-content\/uploads\/2022\/03\/marposs-solutions-de-mesure-inspection-300x151.jpg 300w, https:\/\/solution-machine-soft.fr\/wp-content\/uploads\/2022\/03\/marposs-solutions-de-mesure-inspection-768x385.jpg 768w, https:\/\/solution-machine-soft.fr\/wp-content\/uploads\/2022\/03\/marposs-solutions-de-mesure-inspection.jpg 1100w\" sizes=\"(max-width: 1024px) 100vw, 1024px\" \/>\t\t\t\t\t\t\t\t\t\t\t\t\t\t\t<\/div>\n\t\t\t\t<\/div>\n\t\t\t\t\t<\/div>\n\t\t<\/div>\n\t\t\t\t\t<\/div>\n\t\t<\/section>\n\t\t\t\t<section class=\"elementor-section elementor-top-section elementor-element elementor-element-8678c95 elementor-section-boxed elementor-section-height-default elementor-section-height-default\" data-id=\"8678c95\" data-element_type=\"section\" data-e-type=\"section\">\n\t\t\t\t\t\t<div class=\"elementor-container elementor-column-gap-default\">\n\t\t\t\t\t<div class=\"elementor-column elementor-col-100 elementor-top-column elementor-element elementor-element-13e2e90\" data-id=\"13e2e90\" data-element_type=\"column\" data-e-type=\"column\">\n\t\t\t<div class=\"elementor-widget-wrap elementor-element-populated\">\n\t\t\t\t\t\t<div class=\"elementor-element elementor-element-b20a8e4 elementor-widget elementor-widget-text-editor\" data-id=\"b20a8e4\" data-element_type=\"widget\" data-e-type=\"widget\" data-widget_type=\"text-editor.default\">\n\t\t\t\t<div class=\"elementor-widget-container\">\n\t\t\t\t\t\t\t\t\t<h2>CENTRES D&rsquo;USINAGE ET DE FRAISAGE :<\/h2><p>Pour\u00a0<strong>centres d&rsquo;usinage et fraisage<\/strong>, Marposs propose de nombreux syst\u00e8mes d&rsquo;inspection pi\u00e8ce avec plusieurs technologies de transmission \u00ab\u00a0sans fil\u00a0\u00bb, des syst\u00e8mes de mesure et v\u00e9rification de l&rsquo;outil avec technique \u00e0 contact et sans contact,\u00a0 des solutions pour la surveillance du processus \u00e0 travers plusieurs types de capteurs pour le contr\u00f4le de \u00e9tat de l&rsquo;outil et des organes de la machine et pour la mesure dimensionnelle sur machine au moyen de tampons de mesure \u00ab\u00a0sans fil\u00a0\u00bb mont\u00e9s sur la broche.<\/p>\t\t\t\t\t\t\t\t<\/div>\n\t\t\t\t<\/div>\n\t\t\t\t\t<\/div>\n\t\t<\/div>\n\t\t\t\t\t<\/div>\n\t\t<\/section>\n\t\t\t\t<\/div>\n\t\t","protected":false},"excerpt":{"rendered":"<p>Marposs Marposs, leader mondial en solutions de mesure, inspection et tests. La soci\u00e9t\u00e9 con\u00e7oit et r\u00e9alise une gamme \u00e9tendue du produits et solutions s\u2019\u00e9tendant de la mesure de pr\u00e9cision de composants m\u00e9caniques avant, pendant et apr\u00e8s le fabrication, aux contr\u00f4les de proc\u00e9d\u00e9s et de conditions de machine-outil, de la recherche<\/p>\n","protected":false},"author":1,"featured_media":0,"parent":0,"menu_order":0,"comment_status":"closed","ping_status":"closed","template":"","meta":{"om_disable_all_campaigns":false,"_monsterinsights_skip_tracking":false,"_monsterinsights_sitenote_active":false,"_monsterinsights_sitenote_note":"","_monsterinsights_sitenote_category":0,"footnotes":""},"class_list":["post-5379","page","type-page","status-publish","hentry"],"yoast_head":"<!-- This site is optimized with the Yoast SEO plugin v27.2 - https:\/\/yoast.com\/product\/yoast-seo-wordpress\/ -->\n<title>MARPOSS - Solution Machine Soft<\/title>\n<meta name=\"robots\" content=\"index, follow, max-snippet:-1, max-image-preview:large, max-video-preview:-1\" \/>\n<link rel=\"canonical\" href=\"https:\/\/solution-machine-soft.fr\/index.php\/marposs\/\" \/>\n<meta property=\"og:locale\" content=\"fr_FR\" \/>\n<meta property=\"og:type\" content=\"article\" \/>\n<meta property=\"og:title\" content=\"MARPOSS - Solution Machine Soft\" \/>\n<meta property=\"og:description\" content=\"Marposs Marposs, leader mondial en solutions de mesure, inspection et tests. La soci\u00e9t\u00e9 con\u00e7oit et r\u00e9alise une gamme \u00e9tendue du produits et solutions s\u2019\u00e9tendant de la mesure de pr\u00e9cision de composants m\u00e9caniques avant, pendant et apr\u00e8s le fabrication, aux contr\u00f4les de proc\u00e9d\u00e9s et de conditions de machine-outil, de la recherche\" \/>\n<meta property=\"og:url\" content=\"https:\/\/solution-machine-soft.fr\/index.php\/marposs\/\" \/>\n<meta property=\"og:site_name\" content=\"Solution Machine Soft\" \/>\n<meta property=\"article:modified_time\" content=\"2026-03-27T10:33:35+00:00\" \/>\n<meta property=\"og:image\" content=\"https:\/\/solution-machine-soft.fr\/wp-content\/uploads\/2022\/03\/Marposs-logo-solution-machine-soft.jpg\" \/>\n\t<meta property=\"og:image:width\" content=\"800\" \/>\n\t<meta property=\"og:image:height\" content=\"239\" \/>\n\t<meta property=\"og:image:type\" content=\"image\/jpeg\" \/>\n<meta name=\"twitter:card\" content=\"summary_large_image\" \/>\n<meta name=\"twitter:label1\" content=\"Dur\u00e9e de lecture estim\u00e9e\" \/>\n\t<meta name=\"twitter:data1\" content=\"2 minutes\" \/>\n<script type=\"application\/ld+json\" class=\"yoast-schema-graph\">{\"@context\":\"https:\/\/schema.org\",\"@graph\":[{\"@type\":\"WebPage\",\"@id\":\"https:\/\/solution-machine-soft.fr\/index.php\/marposs\/\",\"url\":\"https:\/\/solution-machine-soft.fr\/index.php\/marposs\/\",\"name\":\"MARPOSS - Solution Machine Soft\",\"isPartOf\":{\"@id\":\"https:\/\/solution-machine-soft.fr\/#website\"},\"primaryImageOfPage\":{\"@id\":\"https:\/\/solution-machine-soft.fr\/index.php\/marposs\/#primaryimage\"},\"image\":{\"@id\":\"https:\/\/solution-machine-soft.fr\/index.php\/marposs\/#primaryimage\"},\"thumbnailUrl\":\"https:\/\/solution-machine-soft.fr\/wp-content\/uploads\/2022\/03\/Marposs-logo-solution-machine-soft-768x229.jpg\",\"datePublished\":\"2022-03-15T16:49:46+00:00\",\"dateModified\":\"2026-03-27T10:33:35+00:00\",\"breadcrumb\":{\"@id\":\"https:\/\/solution-machine-soft.fr\/index.php\/marposs\/#breadcrumb\"},\"inLanguage\":\"fr-FR\",\"potentialAction\":[{\"@type\":\"ReadAction\",\"target\":[\"https:\/\/solution-machine-soft.fr\/index.php\/marposs\/\"]}]},{\"@type\":\"ImageObject\",\"inLanguage\":\"fr-FR\",\"@id\":\"https:\/\/solution-machine-soft.fr\/index.php\/marposs\/#primaryimage\",\"url\":\"https:\/\/solution-machine-soft.fr\/wp-content\/uploads\/2022\/03\/Marposs-logo-solution-machine-soft.jpg\",\"contentUrl\":\"https:\/\/solution-machine-soft.fr\/wp-content\/uploads\/2022\/03\/Marposs-logo-solution-machine-soft.jpg\",\"width\":800,\"height\":239},{\"@type\":\"BreadcrumbList\",\"@id\":\"https:\/\/solution-machine-soft.fr\/index.php\/marposs\/#breadcrumb\",\"itemListElement\":[{\"@type\":\"ListItem\",\"position\":1,\"name\":\"Accueil\",\"item\":\"https:\/\/solution-machine-soft.fr\/\"},{\"@type\":\"ListItem\",\"position\":2,\"name\":\"MARPOSS\"}]},{\"@type\":\"WebSite\",\"@id\":\"https:\/\/solution-machine-soft.fr\/#website\",\"url\":\"https:\/\/solution-machine-soft.fr\/\",\"name\":\"Solution Machine Soft\",\"description\":\"La performance au service de votre production\",\"publisher\":{\"@id\":\"https:\/\/solution-machine-soft.fr\/#organization\"},\"potentialAction\":[{\"@type\":\"SearchAction\",\"target\":{\"@type\":\"EntryPoint\",\"urlTemplate\":\"https:\/\/solution-machine-soft.fr\/?s={search_term_string}\"},\"query-input\":{\"@type\":\"PropertyValueSpecification\",\"valueRequired\":true,\"valueName\":\"search_term_string\"}}],\"inLanguage\":\"fr-FR\"},{\"@type\":\"Organization\",\"@id\":\"https:\/\/solution-machine-soft.fr\/#organization\",\"name\":\"Solution Machine Soft\",\"url\":\"https:\/\/solution-machine-soft.fr\/\",\"logo\":{\"@type\":\"ImageObject\",\"inLanguage\":\"fr-FR\",\"@id\":\"https:\/\/solution-machine-soft.fr\/#\/schema\/logo\/image\/\",\"url\":\"\",\"contentUrl\":\"\",\"caption\":\"Solution Machine Soft\"},\"image\":{\"@id\":\"https:\/\/solution-machine-soft.fr\/#\/schema\/logo\/image\/\"}}]}<\/script>\n<!-- \/ Yoast SEO plugin. -->","yoast_head_json":{"title":"MARPOSS - Solution Machine Soft","robots":{"index":"index","follow":"follow","max-snippet":"max-snippet:-1","max-image-preview":"max-image-preview:large","max-video-preview":"max-video-preview:-1"},"canonical":"https:\/\/solution-machine-soft.fr\/index.php\/marposs\/","og_locale":"fr_FR","og_type":"article","og_title":"MARPOSS - Solution Machine Soft","og_description":"Marposs Marposs, leader mondial en solutions de mesure, inspection et tests. La soci\u00e9t\u00e9 con\u00e7oit et r\u00e9alise une gamme \u00e9tendue du produits et solutions s\u2019\u00e9tendant de la mesure de pr\u00e9cision de composants m\u00e9caniques avant, pendant et apr\u00e8s le fabrication, aux contr\u00f4les de proc\u00e9d\u00e9s et de conditions de machine-outil, de la recherche","og_url":"https:\/\/solution-machine-soft.fr\/index.php\/marposs\/","og_site_name":"Solution Machine Soft","article_modified_time":"2026-03-27T10:33:35+00:00","og_image":[{"width":800,"height":239,"url":"https:\/\/solution-machine-soft.fr\/wp-content\/uploads\/2022\/03\/Marposs-logo-solution-machine-soft.jpg","type":"image\/jpeg"}],"twitter_card":"summary_large_image","twitter_misc":{"Dur\u00e9e de lecture estim\u00e9e":"2 minutes"},"schema":{"@context":"https:\/\/schema.org","@graph":[{"@type":"WebPage","@id":"https:\/\/solution-machine-soft.fr\/index.php\/marposs\/","url":"https:\/\/solution-machine-soft.fr\/index.php\/marposs\/","name":"MARPOSS - Solution Machine Soft","isPartOf":{"@id":"https:\/\/solution-machine-soft.fr\/#website"},"primaryImageOfPage":{"@id":"https:\/\/solution-machine-soft.fr\/index.php\/marposs\/#primaryimage"},"image":{"@id":"https:\/\/solution-machine-soft.fr\/index.php\/marposs\/#primaryimage"},"thumbnailUrl":"https:\/\/solution-machine-soft.fr\/wp-content\/uploads\/2022\/03\/Marposs-logo-solution-machine-soft-768x229.jpg","datePublished":"2022-03-15T16:49:46+00:00","dateModified":"2026-03-27T10:33:35+00:00","breadcrumb":{"@id":"https:\/\/solution-machine-soft.fr\/index.php\/marposs\/#breadcrumb"},"inLanguage":"fr-FR","potentialAction":[{"@type":"ReadAction","target":["https:\/\/solution-machine-soft.fr\/index.php\/marposs\/"]}]},{"@type":"ImageObject","inLanguage":"fr-FR","@id":"https:\/\/solution-machine-soft.fr\/index.php\/marposs\/#primaryimage","url":"https:\/\/solution-machine-soft.fr\/wp-content\/uploads\/2022\/03\/Marposs-logo-solution-machine-soft.jpg","contentUrl":"https:\/\/solution-machine-soft.fr\/wp-content\/uploads\/2022\/03\/Marposs-logo-solution-machine-soft.jpg","width":800,"height":239},{"@type":"BreadcrumbList","@id":"https:\/\/solution-machine-soft.fr\/index.php\/marposs\/#breadcrumb","itemListElement":[{"@type":"ListItem","position":1,"name":"Accueil","item":"https:\/\/solution-machine-soft.fr\/"},{"@type":"ListItem","position":2,"name":"MARPOSS"}]},{"@type":"WebSite","@id":"https:\/\/solution-machine-soft.fr\/#website","url":"https:\/\/solution-machine-soft.fr\/","name":"Solution Machine Soft","description":"La performance au service de votre production","publisher":{"@id":"https:\/\/solution-machine-soft.fr\/#organization"},"potentialAction":[{"@type":"SearchAction","target":{"@type":"EntryPoint","urlTemplate":"https:\/\/solution-machine-soft.fr\/?s={search_term_string}"},"query-input":{"@type":"PropertyValueSpecification","valueRequired":true,"valueName":"search_term_string"}}],"inLanguage":"fr-FR"},{"@type":"Organization","@id":"https:\/\/solution-machine-soft.fr\/#organization","name":"Solution Machine Soft","url":"https:\/\/solution-machine-soft.fr\/","logo":{"@type":"ImageObject","inLanguage":"fr-FR","@id":"https:\/\/solution-machine-soft.fr\/#\/schema\/logo\/image\/","url":"","contentUrl":"","caption":"Solution Machine Soft"},"image":{"@id":"https:\/\/solution-machine-soft.fr\/#\/schema\/logo\/image\/"}}]}},"_links":{"self":[{"href":"https:\/\/solution-machine-soft.fr\/index.php\/wp-json\/wp\/v2\/pages\/5379","targetHints":{"allow":["GET"]}}],"collection":[{"href":"https:\/\/solution-machine-soft.fr\/index.php\/wp-json\/wp\/v2\/pages"}],"about":[{"href":"https:\/\/solution-machine-soft.fr\/index.php\/wp-json\/wp\/v2\/types\/page"}],"author":[{"embeddable":true,"href":"https:\/\/solution-machine-soft.fr\/index.php\/wp-json\/wp\/v2\/users\/1"}],"replies":[{"embeddable":true,"href":"https:\/\/solution-machine-soft.fr\/index.php\/wp-json\/wp\/v2\/comments?post=5379"}],"version-history":[{"count":13,"href":"https:\/\/solution-machine-soft.fr\/index.php\/wp-json\/wp\/v2\/pages\/5379\/revisions"}],"predecessor-version":[{"id":5830,"href":"https:\/\/solution-machine-soft.fr\/index.php\/wp-json\/wp\/v2\/pages\/5379\/revisions\/5830"}],"wp:attachment":[{"href":"https:\/\/solution-machine-soft.fr\/index.php\/wp-json\/wp\/v2\/media?parent=5379"}],"curies":[{"name":"wp","href":"https:\/\/api.w.org\/{rel}","templated":true}]}}